{"id":3549,"date":"2023-08-17T09:52:32","date_gmt":"2023-08-17T09:52:32","guid":{"rendered":"https:\/\/fas-staging.cs5.obinet.at\/de\/?page_id=3549"},"modified":"2024-01-10T08:31:03","modified_gmt":"2024-01-10T08:31:03","slug":"impressum","status":"publish","type":"page","link":"https:\/\/fa-salzburg.at\/de\/impressum\/","title":{"rendered":"Impressum"},"content":{"rendered":"<p><section data-bb-version=\"4.6.1\" id=\"bt_bb_section69e61556f2a56\" class=\"bt_bb_section bt_bb_color_scheme_1 bt_bb_layout_boxed_1200 bt_bb_vertical_align_top bt_bb_top_spacing_large bt_bb_bottom_spacing_large\" style=\"; --section-primary-color:#ffffff; --section-secondary-color:#191919;\" data-bt-override-class=\"{&quot;bt_bb_top_spacing_&quot;:{&quot;current_class&quot;:&quot;bt_bb_top_spacing_large&quot;,&quot;def&quot;:&quot;large&quot;},&quot;bt_bb_bottom_spacing_&quot;:{&quot;current_class&quot;:&quot;bt_bb_bottom_spacing_large&quot;,&quot;def&quot;:&quot;large&quot;}}\"><div class=\"bt_bb_background_image_holder_wrapper\"><div class=\"bt_bb_background_image_holder bt_bb_parallax\"  data-parallax=\"0.4\" data-parallax-offset=\"0\" data-parallax-zoom-start=\"1\" data-parallax-zoom-end=\"1\" data-parallax-blur-start=\"0\" data-parallax-blur-end=\"0\" data-parallax-opacity-start=\"1\" data-parallax-opacity-end=\"1\" style=\" background-image:url(&#039;https:\/\/fa-salzburg.at\/wp-content\/uploads\/2023\/08\/salzburg-933819_1920_blau.jpg&#039;);\"><\/div><\/div><div class=\"bt_bb_port\"><div class=\"bt_bb_cell\"><div class=\"bt_bb_cell_inner\"><div  class=\"bt_bb_row\" ><div  class=\"bt_bb_column col-xxl-12 col-xl-12 bt_bb_vertical_align_top bt_bb_align_center bt_bb_padding_normal bt_bb_animation_fade_in animate bt_bb_shape_inherit\" style=\"; --column-width:12;\" data-width=\"12\" data-bt-override-class=\"{}\"><div class=\"bt_bb_column_content\"><div class=\"bt_bb_column_content_inner\"><div class=\"bt_bb_separator bt_bb_border_style_none bt_bb_top_spacing_large\" data-bt-override-class=\"null\"><\/div><header data-bb-version=\"4.6.1\" class=\"bt_bb_headline bt_bb_font_weight_bolder bt_bb_subheadline_text_transform_default bt_bb_dash_top bt_bb_superheadline bt_bb_size_huge bt_bb_align_inherit\" data-bt-override-class=\"{&quot;bt_bb_size_&quot;:{&quot;current_class&quot;:&quot;bt_bb_size_huge&quot;,&quot;def&quot;:&quot;huge&quot;},&quot;bt_bb_align_&quot;:{&quot;current_class&quot;:&quot;bt_bb_align_inherit&quot;,&quot;def&quot;:&quot;inherit&quot;}}\"><h1 class=\"bt_bb_headline_tag\"><span class=\"bt_bb_headline_superheadline\">Freiheitliche Arbeitnehmer Salzburg<\/span><span class=\"bt_bb_headline_content\"><span>Impressum<\/span><\/span><\/h1><\/header><div class=\"bt_bb_separator bt_bb_border_style_none bt_bb_bottom_spacing_medium\" data-bt-override-class=\"null\"><\/div><\/div><\/div><\/div><\/div><\/div><!-- cell_inner --><\/div><!-- cell --><\/div><!-- port --><\/section><section id=\"bt_bb_section69e61556f2fe6\" class=\"bt_bb_section bt_bb_color_scheme_11 bt_bb_layout_boxed_1200 bt_bb_vertical_align_top bt_bb_top_spacing_large bt_bb_bottom_spacing_large\" style=\"; --section-primary-color:#191919; --section-secondary-color:#f2f2f2;\" data-bt-override-class=\"null\"><div class=\"bt_bb_port\"><div class=\"bt_bb_cell\"><div class=\"bt_bb_cell_inner\"><div  class=\"bt_bb_row bt_bb_column_gap_35\" ><div  class=\"bt_bb_column col-xxl-12 col-xl-12 col-xs-12 col-sm-12 col-md-12 col-lg-12 bt_bb_vertical_align_top bt_bb_align_left bt_bb_padding_normal bt_bb_animation_fade_in animate bt_bb_shape_inherit\" style=\"; --column-width:12;\" data-width=\"12\" data-bt-override-class=\"{}\"><div class=\"bt_bb_column_content\"><div class=\"bt_bb_column_content_inner\"><div class=\"bt_bb_separator bt_bb_border_style_none bt_bb_bottom_spacing_medium bt_bb_hidden_md bt_bb_hidden_lg\" data-bt-override-class=\"null\"><\/div><div data-bb-version=\"4.6.1\"  class=\"bt_bb_text\" ><\/p>\n<h2>Vereinsregisterauszug zum Stichtag 08.11.2023<\/h2>\n<p><strong>ALLGEMEINE DATEN<\/strong><br \/>\nZust\u00e4ndigkeit Salzburg LPD sich.- u verwaltpol. Angel. SVA<br \/>\nZVR-Zahl 253246566<\/p>\n<h3><strong>Vereinsdaten:<\/strong><\/h3>\n<p>Name: &#8222;Freiheitliche Arbeitnehmer Salzburg&#8220; abgek\u00fcrzt &#8222;FAS&#8220;<br \/>\nSitz: Salzburg (Salzburg)<br \/>\nZVR-Zahl 253246566<\/p>\n<p>c\/o Keine Eintragung gespeichert<\/p>\n<p>Zustellanschrift:<br \/>\nFreiheitliche Arbeitnehmer Salzburg,<br \/>\n5020 Salzburg, Ginzkeyplatz 10<br \/>\nLand \u00d6sterreich<\/p>\n<p>Entstehungsdatum 09.12.2004<\/p>\n<p>statutenm\u00e4\u00dfige Vertretungsregelung:<\/p>\n<p>Der Landesobmann vertritt den Verein nach au\u00dfen.<br \/>\nSchriftliche Ausfertigungen des Vereins bed\u00fcrfen zu ihrer G\u00fcltigkeit der Unterschrift des Landesobmanns gemeinsam mit einem seiner Stellvertreter, in Geldangelegenheiten gemeinsam mit dem Finanzreferenten. Kredite und Konto\u00fcberziehungen bed\u00fcrfen eines Vorstandsbeschlusses.<br \/>\nIm Falle seiner Verhinderung oder seines Ausscheidens stehen die Befugnisse des Landesobmannes seinen Stellvertreter gem\u00e4\u00df ihrer Reihung oder mangels einer solcher zun\u00e4chst dem an Jahren \u00c4ltesten zu, soweit nicht der Landesobmann in einer bestimmten Angelegenheit einen seiner Stellvertreter betraut hat. Sind auch sie verhindert oder aus ihrer Funktion ausgeschieden, \u00fcbt bis zur Bestellung eines gesch\u00e4ftsf\u00fchrenden Landesobmannes durch den Landesvorstand aus seiner Mitte das an Lebensjahren \u00e4lteste Mitglied des Landesvorstandes vorl\u00e4ufig die Befugnisse des Landesobmannes aus.<\/p>\n<h3><strong>Organschaftliche Vertreter<\/strong><\/h3>\n<p><strong>Landesobmann<\/strong><br \/>\n(Funktionsperiode)<br \/>\n28.08.2021 &#8211; 27.08.2024<\/p>\n<p>Familienname K\u00f6ssler<br \/>\nVorname Friedrich<\/p>\n<p><strong>Landesobmann Stellvertreterin<\/strong><br \/>\nVertretungsbefugnis<\/p>\n<p>(Funktionsperiode)<br \/>\n28.08.2021 &#8211; 27.08.2024<\/p>\n<p>Familienname Sch\u00f6ppl<br \/>\nVorname Alexandra<\/p>\n<p><strong>Landesobmann Stellvertreter<\/strong><br \/>\nVertretungsbefugnis<\/p>\n<p>(Funktionsperiode)<br \/>\n28.08.2021 &#8211; 27.08.2024<\/p>\n<p>Familienname Vorreiter<br \/>\nVorname Manfred<\/p>\n<p><strong>Finanzreferent<\/strong><br \/>\nVertretungsbefugnis<\/p>\n<p>(Funktionsperiode)<\/p>\n<p>28.08.2021 &#8211; 27.08.2024<\/p>\n<p>Familienname Burgsteiner<br \/>\nVorname Bernhard<\/p>\n<p><strong>Landesvorstandsmitglied<\/strong><br \/>\nVertretungsbefugnis<\/p>\n<p>(Funktionsperiode)<br \/>\n28.08.2021 &#8211; 27.08.2024<\/p>\n<p>Familienname Schreilechner<br \/>\nVorname Franz<\/p>\n<p><strong>Landesvorstandsmitglied<\/strong><br \/>\nVertretungsbefugnis<\/p>\n<p>(Funktionsperiode)<br \/>\n28.08.2021 &#8211; 27.08.2024<\/p>\n<p>Familienname Egger<br \/>\nVorname Eduard<\/p>\n<p><strong>Landesvorstandsmitglied<\/strong><br \/>\nVertretungsbefugnis<\/p>\n<p>(Funktionsperiode)<br \/>\n28.08.2021 &#8211; 27.08.2024<\/p>\n<p>Familienname Lamprecht<br \/>\nVorname Christian<\/p>\n<p><strong>Landesvorstandsmitglied<\/strong><br \/>\nVertretungsbefugnis<\/p>\n<p>(Funktionsperiode)<br \/>\n28.08.2021 &#8211; 27.08.2024<\/p>\n<p>Familienname Rieder<br \/>\nVorname Helena<\/p>\n<p><strong>Landesvorstandsmitglied<\/strong><br \/>\nVertretungsbefugnis<\/p>\n<p>(Funktionsperiode)<br \/>\n28.08.2021 &#8211; 27.08.2024<\/p>\n<p>Familienname Tiefenbacher<br \/>\nVorname Christian<\/p>\n<h3><strong>Hinweise<\/strong><\/h3>\n<p>Dieser Auszug enth\u00e4lt Angaben \u00fcber jene Personen, welche als Gr\u00fcnder oder Abwickler auf Grund des Gesetzes (\u00a7\u00a7 2 Abs 2 bzw 30 Abs 1 VerG) oder als organschaftliche Vertreter nach den Vereinsstatuten zur Vertretung des Vereins nach au\u00dfen befugt sind.<br \/>\nMit Ausnahme der Vertretung durch einen beh\u00f6rdlich bestellten Abwickler st\u00fctzt sich diese Auskunft auch auf Angaben der betreffenden Personen bzw des Vereins \u00fcber seine Vertretungsverh\u00e4ltnisse und auf die Vertretungsregelung in den vorliegenden Vereinsstatuten. Insofern wird damit weder mit verbindlicher Wirkung festgestellt noch best\u00e4tigt, dass die genannten Personen auch tats\u00e4chlich diese Funktionen rechtsg\u00fcltig innehaben oder hatten. Das Vertrauen auf die Richtigkeit dieser Auskunft ist soweit gesch\u00fctzt, als nicht jemand ihre Unrichtigkeit kennt oder kennen muss (\u00a7 17 Abs 8 VerG).<\/p>\n<p>Aussteller Bundesministerium f.Inneres Abteilung IV\/2<br \/>\nTagesdatum \/ Uhrzeit Mittwoch 08. November 2023 \\ 18:54:38<\/p>\n<h3><strong>Bildercredits:<\/strong><\/h3>\n<p>\u00a9 Adobe Stock<\/p>\n<p>\n<\/div><\/div><\/div><\/div><\/div><\/div><!-- cell_inner --><\/div><!-- cell --><\/div><!-- port --><\/section><section data-bb-version=\"4.6.1\" id=\"bt_bb_section69e61556f3a45\" class=\"bt_bb_section bt_bb_color_scheme_1 bt_bb_layout_boxed_1200 bt_bb_vertical_align_middle bt_bb_top_spacing_large bt_bb_bottom_spacing_large\" style=\"; --section-primary-color:#ffffff; --section-secondary-color:#191919;\" data-bt-override-class=\"{&quot;bt_bb_top_spacing_&quot;:{&quot;current_class&quot;:&quot;bt_bb_top_spacing_large&quot;,&quot;def&quot;:&quot;large&quot;},&quot;bt_bb_bottom_spacing_&quot;:{&quot;current_class&quot;:&quot;bt_bb_bottom_spacing_large&quot;,&quot;def&quot;:&quot;large&quot;}}\"><div class=\"bt_bb_background_image_holder_wrapper\"><div class=\"bt_bb_background_image_holder bt_bb_parallax\"  data-parallax=\"0.4\" data-parallax-offset=\"0\" data-parallax-zoom-start=\"1\" data-parallax-zoom-end=\"1\" data-parallax-blur-start=\"0\" data-parallax-blur-end=\"0\" data-parallax-opacity-start=\"1\" data-parallax-opacity-end=\"1\" style=\" background-image:url(&#039;https:\/\/fa-salzburg.at\/wp-content\/uploads\/2023\/08\/salzburg-5964812_1920_blau.jpg&#039;);\"><\/div><\/div><div class=\"bt_bb_port\"><div class=\"bt_bb_cell\"><div class=\"bt_bb_cell_inner\"><div  class=\"bt_bb_row\" ><div  class=\"bt_bb_column col-xxl-7 col-xl-7 bt_bb_vertical_align_middle bt_bb_align_left bt_bb_padding_normal bt_bb_animation_fade_in animate bt_bb_shape_inherit\" style=\"; --column-width:7;\" data-width=\"7\" data-bt-override-class=\"{}\"><div class=\"bt_bb_column_content\"><div class=\"bt_bb_column_content_inner\"><header data-bb-version=\"4.6.1\" class=\"bt_bb_headline bt_bb_font_weight_bolder bt_bb_subheadline_text_transform_default bt_bb_dash_none bt_bb_superheadline bt_bb_subheadline bt_bb_size_extralarge bt_bb_align_inherit\" data-bt-override-class=\"{&quot;bt_bb_size_&quot;:{&quot;current_class&quot;:&quot;bt_bb_size_extralarge&quot;,&quot;def&quot;:&quot;extralarge&quot;},&quot;bt_bb_align_&quot;:{&quot;current_class&quot;:&quot;bt_bb_align_inherit&quot;,&quot;def&quot;:&quot;inherit&quot;}}\"><h3 class=\"bt_bb_headline_tag\"><span class=\"bt_bb_headline_superheadline\">Dein Anliegen ist unser Auftrag!<\/span><span class=\"bt_bb_headline_content\"><span>Werde auch du Mitglied<\/span><\/span><\/h3><div class=\"bt_bb_headline_subheadline\">Wir freuen uns auf deine Unterst\u00fctzung.<\/div><\/header><div class=\"bt_bb_separator bt_bb_border_style_none bt_bb_bottom_spacing_normal\" data-bt-override-class=\"null\"><\/div><div data-bb-version=\"4.6.1\" class=\"bt_bb_button bt_bb_color_scheme_6 bt_bb_icon_position_left bt_bb_style_filled bt_bb_size_normal bt_bb_width_inline bt_bb_shape_inherit bt_bb_target_blank bt_bb_text_transform_inherit bt_bb_align_inherit\" style=\"; --primary-color:#ffffff; --secondary-color:#d01c21;\" data-bt-override-class=\"{&quot;bt_bb_size_&quot;:{&quot;current_class&quot;:&quot;bt_bb_size_normal&quot;,&quot;def&quot;:&quot;normal&quot;},&quot;bt_bb_align_&quot;:{&quot;current_class&quot;:&quot;bt_bb_align_inherit&quot;,&quot;def&quot;:&quot;inherit&quot;}}\"><a href=\"https:\/\/fas-live.cs5.obinet.at\/de\/donation-2\/join-page\/\" target=\"_blank\" class=\"bt_bb_link\" title=\"Jetzt Beitreten\"><span class=\"bt_bb_button_text\" >Jetzt Beitreten<\/span><\/a><\/div><div data-bb-version=\"4.6.1\" class=\"bt_bb_button bt_bb_color_scheme_6 bt_bb_icon_position_left bt_bb_style_outline bt_bb_size_normal bt_bb_width_inline bt_bb_shape_inherit bt_bb_target_blank bt_bb_text_transform_inherit bt_bb_align_inherit\" style=\"; --primary-color:#ffffff; --secondary-color:#d01c21;\" data-bt-override-class=\"{&quot;bt_bb_size_&quot;:{&quot;current_class&quot;:&quot;bt_bb_size_normal&quot;,&quot;def&quot;:&quot;normal&quot;},&quot;bt_bb_align_&quot;:{&quot;current_class&quot;:&quot;bt_bb_align_inherit&quot;,&quot;def&quot;:&quot;inherit&quot;}}\"><a href=\"https:\/\/fas-live.cs5.obinet.at\/de\/infos\/contact\/\" target=\"_blank\" class=\"bt_bb_link\" title=\"Kontakt\"><span class=\"bt_bb_button_text\" >Kontakt<\/span><\/a><\/div><\/div><\/div><\/div><div  class=\"bt_bb_column col-xxl-5 col-xl-5 bt_bb_vertical_align_top bt_bb_align_left bt_bb_padding_normal bt_bb_shape_inherit\" style=\"; --column-width:5;\" data-width=\"5\" data-bt-override-class=\"{}\"><div class=\"bt_bb_column_content\"><div class=\"bt_bb_column_content_inner\"><\/div><\/div><\/div><\/div><\/div><!-- cell_inner --><\/div><!-- cell --><\/div><!-- port --><\/section><\/p>\n","protected":false},"excerpt":{"rendered":"","protected":false},"author":1,"featured_media":0,"parent":0,"menu_order":0,"comment_status":"closed","ping_status":"closed","template":"","meta":{"footnotes":""},"class_list":["post-3549","page","type-page","status-publish","hentry"],"_links":{"self":[{"href":"https:\/\/fa-salzburg.at\/de\/wp-json\/wp\/v2\/pages\/3549","targetHints":{"allow":["GET"]}}],"collection":[{"href":"https:\/\/fa-salzburg.at\/de\/wp-json\/wp\/v2\/pages"}],"about":[{"href":"https:\/\/fa-salzburg.at\/de\/wp-json\/wp\/v2\/types\/page"}],"author":[{"embeddable":true,"href":"https:\/\/fa-salzburg.at\/de\/wp-json\/wp\/v2\/users\/1"}],"replies":[{"embeddable":true,"href":"https:\/\/fa-salzburg.at\/de\/wp-json\/wp\/v2\/comments?post=3549"}],"version-history":[{"count":6,"href":"https:\/\/fa-salzburg.at\/de\/wp-json\/wp\/v2\/pages\/3549\/revisions"}],"predecessor-version":[{"id":4305,"href":"https:\/\/fa-salzburg.at\/de\/wp-json\/wp\/v2\/pages\/3549\/revisions\/4305"}],"wp:attachment":[{"href":"https:\/\/fa-salzburg.at\/de\/wp-json\/wp\/v2\/media?parent=3549"}],"curies":[{"name":"wp","href":"https:\/\/api.w.org\/{rel}","templated":true}]}}